{"id":19,"date":"2023-04-21T11:22:43","date_gmt":"2023-04-21T09:22:43","guid":{"rendered":"http:\/\/www.selvalifecoffee.com\/?page_id=19"},"modified":"2026-02-13T15:45:21","modified_gmt":"2026-02-13T14:45:21","slug":"nosotros","status":"publish","type":"page","link":"https:\/\/www.selvalifecoffee.com\/en\/nosotros\/","title":{"rendered":"about us"},"content":{"rendered":"\t\t<div data-elementor-type=\"wp-page\" data-elementor-id=\"19\" class=\"elementor elementor-19\" data-elementor-post-type=\"page\">\n\t\t\t\t<div class=\"elementor-element elementor-element-3abfbb5 e-flex e-con-boxed e-con e-parent\" data-id=\"3abfbb5\" data-element_type=\"container\" data-e-type=\"container\" data-settings=\"{&quot;background_background&quot;:&quot;slideshow&quot;,&quot;background_slideshow_gallery&quot;:[{&quot;id&quot;:452,&quot;url&quot;:&quot;https:\\\/\\\/www.selvalifecoffee.com\\\/wp-content\\\/uploads\\\/2023\\\/05\\\/nosotros-1.jpg&quot;},{&quot;id&quot;:453,&quot;url&quot;:&quot;https:\\\/\\\/www.selvalifecoffee.com\\\/wp-content\\\/uploads\\\/2023\\\/05\\\/nosotros-2.jpg&quot;}],&quot;background_slideshow_slide_duration&quot;:2000,&quot;background_slideshow_loop&quot;:&quot;yes&quot;,&quot;background_slideshow_slide_transition&quot;:&quot;fade&quot;,&quot;background_slideshow_transition_duration&quot;:500}\">\n\t\t\t\t\t<div class=\"e-con-inner\">\n\t\t\t\t\t<\/div>\n\t\t\t\t<\/div>\n\t\t<div class=\"elementor-element elementor-element-df0fcde e-flex e-con-boxed elementor-invisible e-con e-parent\" data-id=\"df0fcde\" data-element_type=\"container\" data-e-type=\"container\" data-settings=\"{&quot;animation&quot;:&quot;fadeIn&quot;}\">\n\t\t\t\t\t<div class=\"e-con-inner\">\n\t\t<div class=\"elementor-element elementor-element-c04e3fa e-con-full e-flex e-con e-child\" data-id=\"c04e3fa\" data-element_type=\"container\" data-e-type=\"container\">\n\t\t<div class=\"elementor-element elementor-element-6f36dc3 e-con-full e-flex e-con e-child\" data-id=\"6f36dc3\" data-element_type=\"container\" data-e-type=\"container\">\n\t\t<div class=\"elementor-element elementor-element-c21927c e-con-full e-flex e-con e-child\" data-id=\"c21927c\" data-element_type=\"container\" data-e-type=\"container\">\n\t\t\t\t<div class=\"elementor-element elementor-element-0b0ba22 elementor-widget-laptop__width-initial elementor-widget elementor-widget-image\" data-id=\"0b0ba22\" data-element_type=\"widget\" data-e-type=\"widget\" data-widget_type=\"image.default\">\n\t\t\t\t<div class=\"elementor-widget-container\">\n\t\t\t\t\t\t\t\t\t\t\t\t\t\t\t<img fetchpriority=\"high\" decoding=\"async\" width=\"380\" height=\"550\" src=\"https:\/\/www.selvalifecoffee.com\/wp-content\/uploads\/2023\/05\/michelle.png\" class=\"attachment-large size-large wp-image-455\" alt=\"michelle - fundadora selva life coffee\" srcset=\"https:\/\/www.selvalifecoffee.com\/wp-content\/uploads\/2023\/05\/michelle.png 380w, https:\/\/www.selvalifecoffee.com\/wp-content\/uploads\/2023\/05\/michelle-8x12.png 8w\" sizes=\"(max-width: 380px) 100vw, 380px\" title=\"Selva Life Coffe Brunch Girona\">\t\t\t\t\t\t\t\t\t\t\t\t\t\t\t<\/div>\n\t\t\t\t<\/div>\n\t\t\t\t<div class=\"elementor-element elementor-element-70b4634 animated-slow elementor-absolute elementor-widget-mobile__width-inherit elementor-invisible elementor-widget elementor-widget-image\" data-id=\"70b4634\" data-element_type=\"widget\" data-e-type=\"widget\" data-settings=\"{&quot;_animation&quot;:&quot;fadeInDown&quot;,&quot;_position&quot;:&quot;absolute&quot;,&quot;motion_fx_motion_fx_scrolling&quot;:&quot;yes&quot;,&quot;motion_fx_translateY_effect&quot;:&quot;yes&quot;,&quot;motion_fx_translateY_speed&quot;:{&quot;unit&quot;:&quot;px&quot;,&quot;size&quot;:1.5,&quot;sizes&quot;:[]},&quot;motion_fx_translateY_affectedRange&quot;:{&quot;unit&quot;:&quot;%&quot;,&quot;size&quot;:&quot;&quot;,&quot;sizes&quot;:{&quot;start&quot;:0,&quot;end&quot;:100}},&quot;motion_fx_devices&quot;:[&quot;desktop&quot;,&quot;laptop&quot;,&quot;tablet&quot;,&quot;mobile&quot;]}\" data-widget_type=\"image.default\">\n\t\t\t\t<div class=\"elementor-widget-container\">\n\t\t\t\t\t\t\t\t\t\t\t\t\t\t\t<img decoding=\"async\" width=\"887\" height=\"1195\" src=\"https:\/\/www.selvalifecoffee.com\/wp-content\/uploads\/2026\/02\/Artboard-1-copia-scaled-e1770909306692.png\" class=\"attachment-full size-full wp-image-1211\" alt=\"\" srcset=\"https:\/\/www.selvalifecoffee.com\/wp-content\/uploads\/2026\/02\/Artboard-1-copia-scaled-e1770909306692.png 887w, https:\/\/www.selvalifecoffee.com\/wp-content\/uploads\/2026\/02\/Artboard-1-copia-scaled-e1770909306692-768x1035.png 768w, https:\/\/www.selvalifecoffee.com\/wp-content\/uploads\/2026\/02\/Artboard-1-copia-scaled-e1770909306692-9x12.png 9w\" sizes=\"(max-width: 887px) 100vw, 887px\" title=\"Selva Life Coffe Brunch Girona\">\t\t\t\t\t\t\t\t\t\t\t\t\t\t\t<\/div>\n\t\t\t\t<\/div>\n\t\t\t\t<\/div>\n\t\t<div class=\"elementor-element elementor-element-d9e7371 e-con-full e-flex e-con e-child\" data-id=\"d9e7371\" data-element_type=\"container\" data-e-type=\"container\">\n\t\t\t\t<\/div>\n\t\t\t\t<\/div>\n\t\t<div class=\"elementor-element elementor-element-68b1b5b e-con-full e-flex e-con e-child\" data-id=\"68b1b5b\" data-element_type=\"container\" data-e-type=\"container\">\n\t\t<div class=\"elementor-element elementor-element-b731e67 e-con-full e-flex e-con e-child\" data-id=\"b731e67\" data-element_type=\"container\" data-e-type=\"container\">\n\t\t\t\t<div class=\"elementor-element elementor-element-5c50436 elementor-widget elementor-widget-heading\" data-id=\"5c50436\" data-element_type=\"widget\" data-e-type=\"widget\" data-widget_type=\"heading.default\">\n\t\t\t\t<div class=\"elementor-widget-container\">\n\t\t\t\t\t<h2 class=\"elementor-heading-title elementor-size-default\">SELVA: Caf\u00e9 de especialidad y cocina tropical<\/h2>\t\t\t\t<\/div>\n\t\t\t\t<\/div>\n\t\t\t\t<div class=\"elementor-element elementor-element-0cbfcff elementor-widget elementor-widget-text-editor\" data-id=\"0cbfcff\" data-element_type=\"widget\" data-e-type=\"widget\" data-widget_type=\"text-editor.default\">\n\t\t\t\t<div class=\"elementor-widget-container\">\n\t\t\t\t\t\t\t\t\t<div><span style=\"color: #000000;\">Soy Michelle Barrag\u00e1n y vengo de la tierra del sol recto, Ecuador.\u00a0<\/span><\/div><div><span style=\"color: #000000;\">Desde hace 14 a\u00f1os vivo en Girona, y durante este tiempo me dediqu\u00e9 a la Medicina China con una consulta activa. Pero como suele pasar, sent\u00ed la necesidad de hacer un cambio y ya que ten\u00eda\u00a0 conocimientos e inter\u00e9s por la nutrici\u00f3n y la cocina saludable, decid\u00ed crear SELVA Caf\u00e9 de especialidad y cocina tropical.<\/span><\/div><div><span style=\"color: #000000;\">Siento que todo el bagaje que tengo por mi actividad anterior cabe perfectamente en este nuevo proyecto, en el que promuevo el\u00a0 bienestar de manera diferente. Tambi\u00e9n, al ser cel\u00edaca, puedo entender lo importante que es encontrar un espacio en el que puedas comer a gusto y con tranquilidad. De ah\u00ed la idea de que nuestros platos sean libres de trazas de gluten, a pesar de ofrecer tambi\u00e9n un pan de trigo normal (para los que pueden comer de todo), hecho con harina ecol\u00f3gica y masa madre.<\/span><\/div><div><span style=\"color: #000000;\">Cre\u00e9 SELVA pensando en com\u00fan, en econom\u00eda circular, en el respeto por la tierra,\u00a0 en promover mi cultura culinaria, en la cocina saludable y en el bienestar \u2764<\/span><\/div><div><span style=\"color: #000000;\">La mesa est\u00e1 servida&#8230; Bienvenid@!\u00a0\u00a0<\/span><\/div>\t\t\t\t\t\t\t\t<\/div>\n\t\t\t\t<\/div>\n\t\t\t\t<\/div>\n\t\t<div class=\"elementor-element elementor-element-c9edab1 e-con-full e-flex e-con e-child\" data-id=\"c9edab1\" data-element_type=\"container\" data-e-type=\"container\">\n\t\t\t\t<div class=\"elementor-element elementor-element-3164b33 elementor-mobile-align-left elementor-hidden-mobile elementor-invisible elementor-widget elementor-widget-button\" data-id=\"3164b33\" data-element_type=\"widget\" data-e-type=\"widget\" data-settings=\"{&quot;_animation&quot;:&quot;fadeIn&quot;,&quot;_animation_delay&quot;:1000}\" data-widget_type=\"button.default\">\n\t\t\t\t<div class=\"elementor-widget-container\">\n\t\t\t\t\t\t\t\t\t<div class=\"elementor-button-wrapper\">\n\t\t\t\t\t<a class=\"elementor-button elementor-button-link elementor-size-sm elementor-animation-grow\" href=\"http:\/\/www.selvalifecoffee.com\/la-carta\">\n\t\t\t\t\t\t<span class=\"elementor-button-content-wrapper\">\n\t\t\t\t\t\t\t\t\t<span class=\"elementor-button-text\">CARTA<\/span>\n\t\t\t\t\t<\/span>\n\t\t\t\t\t<\/a>\n\t\t\t\t<\/div>\n\t\t\t\t\t\t\t\t<\/div>\n\t\t\t\t<\/div>\n\t\t\t\t<\/div>\n\t\t\t\t<\/div>\n\t\t\t\t<\/div>\n\t\t\t\t\t<\/div>\n\t\t\t\t<\/div>\n\t\t<div class=\"elementor-element elementor-element-fb5eef7 e-con-full e-flex elementor-invisible e-con e-parent\" data-id=\"fb5eef7\" data-element_type=\"container\" data-e-type=\"container\" data-settings=\"{&quot;background_background&quot;:&quot;classic&quot;,&quot;animation&quot;:&quot;fadeIn&quot;}\">\n\t\t\t\t<div class=\"elementor-element elementor-element-ad461b2 elementor-position-inline-start animated-slow elementor-view-default elementor-mobile-position-block-start elementor-invisible elementor-widget elementor-widget-icon-box\" data-id=\"ad461b2\" data-element_type=\"widget\" data-e-type=\"widget\" data-settings=\"{&quot;_animation&quot;:&quot;fadeIn&quot;,&quot;_animation_delay&quot;:400}\" data-widget_type=\"icon-box.default\">\n\t\t\t\t<div class=\"elementor-widget-container\">\n\t\t\t\t\t\t\t<div class=\"elementor-icon-box-wrapper\">\n\n\t\t\t\t\t\t<div class=\"elementor-icon-box-icon\">\n\t\t\t\t<span  class=\"elementor-icon\">\n\t\t\t\t<svg xmlns=\"http:\/\/www.w3.org\/2000\/svg\" id=\"uuid-47ff559d-7cf0-41ea-9909-adbb2c006902\" data-name=\"Disseny\" width=\"63.8\" height=\"51.9\" viewBox=\"0 0 63.8 51.9\"><defs><style>      .uuid-a2371e78-7254-4f45-98ab-2199d6620dfa {        fill: #fff;      }    <\/style><\/defs><path class=\"uuid-a2371e78-7254-4f45-98ab-2199d6620dfa\" d=\"m51.3,19.4c-.1-.5-.4-.8-.9-.9-1.7-.5-3.5-.7-5.3-.5-4.1.3-7.5,2-10.2,5.1-.4.5-.8,1.1-1.3,1.6,0,0,0-.2,0-.2-.3-1-.5-2-.9-3-2.9-6.8-9.9-10.9-17.3-10-.7,0-1.5.1-1.8.9v.5c.1.2.2.4.4.6,1.1,1.1,2,2.4,2.6,3.9.7,1.7,1.2,3.3,1.9,5,1,2.7,2.4,5,4.7,6.7,1.5,1.1,3.2,1.8,5,2.4,1.1.3,2.1.6,3.2.9v.4c0,2.2,0,4.4,0,6.6,0,.7.4,1.2,1.1,1.2.7,0,1.1-.5,1.1-1.2,0-1.2,0-2.3,0-3.5v-.7c.2,0,.3,0,.4,0,1.1-.2,2.3-.3,3.4-.5,3.4-.7,6.1-2.5,7.9-5.5.7-1.2,1.3-2.5,2-3.8.9-1.8,2-3.5,3.6-4.7.4-.3.6-.7.5-1.2Zm-19.8,10.7c-1.4-.3-2.8-.7-4.1-1.2-2.8-1.1-5-2.9-6.3-5.7-.4-.9-.8-1.9-1.2-2.9-.6-1.7-1.1-3.5-2-5.1-.3-.5-.6-1-.9-1.5,8.5-.6,16.1,8,14.4,16.4Zm13.4-5c-.6,1.4-1.3,2.7-2.3,3.9-1.5,1.9-3.5,2.9-5.8,3.4-1.1.2-2.1.4-3.2.6-.4-7.5,6.8-13.9,14.1-12.7,0,0,0,0,0,0-1.2,1.4-2.1,3.1-2.9,4.8Z\"><\/path><\/svg>\t\t\t\t<\/span>\n\t\t\t<\/div>\n\t\t\t\n\t\t\t\t\t\t<div class=\"elementor-icon-box-content\">\n\n\t\t\t\t\t\t\t\t\t<h3 class=\"elementor-icon-box-title\">\n\t\t\t\t\t\t<span  >\n\t\t\t\t\t\t\tEVENTOS, CATAS DE CAF\u00c8 I VINO, EXPERIENCIAS GASTRON\u00d3MICAS\t\t\t\t\t\t<\/span>\n\t\t\t\t\t<\/h3>\n\t\t\t\t\n\t\t\t\t\n\t\t\t<\/div>\n\t\t\t\n\t\t<\/div>\n\t\t\t\t\t\t<\/div>\n\t\t\t\t<\/div>\n\t\t\t\t<\/div>\n\t\t<div class=\"elementor-element elementor-element-25f0f7b e-flex e-con-boxed e-con e-parent\" data-id=\"25f0f7b\" data-element_type=\"container\" data-e-type=\"container\" data-settings=\"{&quot;background_background&quot;:&quot;classic&quot;,&quot;background_motion_fx_motion_fx_scrolling&quot;:&quot;yes&quot;,&quot;background_motion_fx_translateY_effect&quot;:&quot;yes&quot;,&quot;background_motion_fx_translateY_speed&quot;:{&quot;unit&quot;:&quot;px&quot;,&quot;size&quot;:4,&quot;sizes&quot;:[]},&quot;background_motion_fx_translateY_affectedRange&quot;:{&quot;unit&quot;:&quot;%&quot;,&quot;size&quot;:&quot;&quot;,&quot;sizes&quot;:{&quot;start&quot;:0,&quot;end&quot;:100}},&quot;background_motion_fx_devices&quot;:[&quot;desktop&quot;,&quot;laptop&quot;,&quot;tablet&quot;,&quot;mobile&quot;]}\">\n\t\t\t\t\t<div class=\"e-con-inner\">\n\t\t\t\t\t<\/div>\n\t\t\t\t<\/div>\n\t\t<div class=\"elementor-element elementor-element-0e3477d e-con-full e-flex elementor-invisible e-con e-parent\" data-id=\"0e3477d\" data-element_type=\"container\" data-e-type=\"container\" data-settings=\"{&quot;background_background&quot;:&quot;classic&quot;,&quot;animation&quot;:&quot;fadeIn&quot;}\">\n\t\t<div class=\"elementor-element elementor-element-c44423d e-con-full e-flex e-con e-child\" data-id=\"c44423d\" data-element_type=\"container\" data-e-type=\"container\">\n\t\t\t\t<div class=\"elementor-element elementor-element-52e122a elementor-invisible elementor-widget elementor-widget-heading\" data-id=\"52e122a\" data-element_type=\"widget\" data-e-type=\"widget\" data-settings=\"{&quot;_animation&quot;:&quot;fadeInUp&quot;}\" data-widget_type=\"heading.default\">\n\t\t\t\t<div class=\"elementor-widget-container\">\n\t\t\t\t\t<h6 class=\"elementor-heading-title elementor-size-default\">\u00bfTienes alguna duda? \u00a1Ponte en contacto!<\/h6>\t\t\t\t<\/div>\n\t\t\t\t<\/div>\n\t\t\t\t<\/div>\n\t\t<div class=\"elementor-element elementor-element-11e1f2e e-con-full e-flex e-con e-child\" data-id=\"11e1f2e\" data-element_type=\"container\" data-e-type=\"container\">\n\t\t\t\t<div class=\"elementor-element elementor-element-6c14c99 elementor-mobile-align-center elementor-widget-mobile__width-inherit elementor-invisible elementor-widget elementor-widget-button\" data-id=\"6c14c99\" data-element_type=\"widget\" data-e-type=\"widget\" data-settings=\"{&quot;_animation&quot;:&quot;fadeInUp&quot;}\" data-widget_type=\"button.default\">\n\t\t\t\t<div class=\"elementor-widget-container\">\n\t\t\t\t\t\t\t\t\t<div class=\"elementor-button-wrapper\">\n\t\t\t\t\t<a class=\"elementor-button elementor-button-link elementor-size-sm elementor-animation-grow\" href=\"mailto:selvalifecoffee@gmail.com\">\n\t\t\t\t\t\t<span class=\"elementor-button-content-wrapper\">\n\t\t\t\t\t\t\t\t\t<span class=\"elementor-button-text\">ESCR\u00cdBENOS<\/span>\n\t\t\t\t\t<\/span>\n\t\t\t\t\t<\/a>\n\t\t\t\t<\/div>\n\t\t\t\t\t\t\t\t<\/div>\n\t\t\t\t<\/div>\n\t\t\t\t<div class=\"elementor-element elementor-element-b57f75a elementor-widget-mobile__width-inherit elementor-invisible elementor-widget elementor-widget-image\" data-id=\"b57f75a\" data-element_type=\"widget\" data-e-type=\"widget\" data-settings=\"{&quot;_animation&quot;:&quot;fadeInUp&quot;}\" data-widget_type=\"image.default\">\n\t\t\t\t<div class=\"elementor-widget-container\">\n\t\t\t\t\t\t\t\t\t\t\t\t\t\t\t<img decoding=\"async\" width=\"134\" height=\"122\" src=\"https:\/\/www.selvalifecoffee.com\/wp-content\/uploads\/2023\/04\/SELVALIFE-Web.png\" class=\"attachment-large size-large wp-image-80\" alt=\"icono hojas\" srcset=\"https:\/\/www.selvalifecoffee.com\/wp-content\/uploads\/2023\/04\/SELVALIFE-Web.png 134w, https:\/\/www.selvalifecoffee.com\/wp-content\/uploads\/2023\/04\/SELVALIFE-Web-13x12.png 13w\" sizes=\"(max-width: 134px) 100vw, 134px\" title=\"Selva Life Coffe Brunch Girona\">\t\t\t\t\t\t\t\t\t\t\t\t\t\t\t<\/div>\n\t\t\t\t<\/div>\n\t\t\t\t<\/div>\n\t\t\t\t<\/div>\n\t\t\t\t<\/div>\n\t\t","protected":false},"excerpt":{"rendered":"<p>SELVA: Caf\u00e9 de especialidad y cocina tropical Soy Michelle Barrag\u00e1n y vengo de la tierra del sol recto, Ecuador.\u00a0Desde hace 14 a\u00f1os vivo en Girona, y durante este tiempo me dediqu\u00e9 a la Medicina China con una consulta activa. Pero como suele pasar, sent\u00ed la necesidad de hacer un cambio y ya que ten\u00eda\u00a0 conocimientos [&hellip;]<\/p>\n","protected":false},"author":1,"featured_media":0,"parent":0,"menu_order":0,"comment_status":"closed","ping_status":"closed","template":"","meta":{"footnotes":""},"class_list":["post-19","page","type-page","status-publish","hentry"],"_links":{"self":[{"href":"https:\/\/www.selvalifecoffee.com\/en\/wp-json\/wp\/v2\/pages\/19","targetHints":{"allow":["GET"]}}],"collection":[{"href":"https:\/\/www.selvalifecoffee.com\/en\/wp-json\/wp\/v2\/pages"}],"about":[{"href":"https:\/\/www.selvalifecoffee.com\/en\/wp-json\/wp\/v2\/types\/page"}],"author":[{"embeddable":true,"href":"https:\/\/www.selvalifecoffee.com\/en\/wp-json\/wp\/v2\/users\/1"}],"replies":[{"embeddable":true,"href":"https:\/\/www.selvalifecoffee.com\/en\/wp-json\/wp\/v2\/comments?post=19"}],"version-history":[{"count":63,"href":"https:\/\/www.selvalifecoffee.com\/en\/wp-json\/wp\/v2\/pages\/19\/revisions"}],"predecessor-version":[{"id":1273,"href":"https:\/\/www.selvalifecoffee.com\/en\/wp-json\/wp\/v2\/pages\/19\/revisions\/1273"}],"wp:attachment":[{"href":"https:\/\/www.selvalifecoffee.com\/en\/wp-json\/wp\/v2\/media?parent=19"}],"curies":[{"name":"wp","href":"https:\/\/api.w.org\/{rel}","templated":true}]}}