{"id":23,"date":"2023-04-21T11:23:03","date_gmt":"2023-04-21T09:23:03","guid":{"rendered":"http:\/\/www.selvalifecoffee.com\/?page_id=23"},"modified":"2026-02-13T15:47:40","modified_gmt":"2026-02-13T14:47:40","slug":"blog","status":"publish","type":"page","link":"https:\/\/www.selvalifecoffee.com\/ca\/blog\/","title":{"rendered":"Blog"},"content":{"rendered":"\t\t<div data-elementor-type=\"wp-page\" data-elementor-id=\"23\" class=\"elementor elementor-23\" data-elementor-post-type=\"page\">\n\t\t\t\t\t\t<section class=\"elementor-section elementor-top-section elementor-element elementor-element-666dc982 elementor-section-boxed elementor-section-height-default elementor-section-height-default\" data-id=\"666dc982\" data-element_type=\"section\" data-e-type=\"section\" data-settings=\"{&quot;background_background&quot;:&quot;slideshow&quot;,&quot;background_slideshow_gallery&quot;:[{&quot;id&quot;:523,&quot;url&quot;:&quot;https:\\\/\\\/www.selvalifecoffee.com\\\/wp-content\\\/uploads\\\/2023\\\/05\\\/blog-1.jpg&quot;},{&quot;id&quot;:524,&quot;url&quot;:&quot;https:\\\/\\\/www.selvalifecoffee.com\\\/wp-content\\\/uploads\\\/2023\\\/05\\\/blog-2.jpg&quot;},{&quot;id&quot;:525,&quot;url&quot;:&quot;https:\\\/\\\/www.selvalifecoffee.com\\\/wp-content\\\/uploads\\\/2023\\\/05\\\/blog-3.jpg&quot;}],&quot;background_slideshow_loop&quot;:&quot;yes&quot;,&quot;background_slideshow_slide_duration&quot;:5000,&quot;background_slideshow_slide_transition&quot;:&quot;fade&quot;,&quot;background_slideshow_transition_duration&quot;:500}\">\n\t\t\t\t\t\t<div class=\"elementor-container elementor-column-gap-default\">\n\t\t\t\t\t<div class=\"elementor-column elementor-col-100 elementor-top-column elementor-element elementor-element-3a1d83ed\" data-id=\"3a1d83ed\" data-element_type=\"column\" data-e-type=\"column\">\n\t\t\t<div class=\"elementor-widget-wrap elementor-element-populated\">\n\t\t\t\t\t\t<div class=\"elementor-element elementor-element-3c7f2099 elementor-widget elementor-widget-spacer\" data-id=\"3c7f2099\" data-element_type=\"widget\" data-e-type=\"widget\" data-widget_type=\"spacer.default\">\n\t\t\t\t<div class=\"elementor-widget-container\">\n\t\t\t\t\t\t\t<div class=\"elementor-spacer\">\n\t\t\t<div class=\"elementor-spacer-inner\"><\/div>\n\t\t<\/div>\n\t\t\t\t\t\t<\/div>\n\t\t\t\t<\/div>\n\t\t\t\t\t<\/div>\n\t\t<\/div>\n\t\t\t\t\t<\/div>\n\t\t<\/section>\n\t\t<div class=\"elementor-element elementor-element-d6e911b e-flex e-con-boxed elementor-invisible e-con e-parent\" data-id=\"d6e911b\" data-element_type=\"container\" data-e-type=\"container\" data-settings=\"{&quot;animation&quot;:&quot;fadeIn&quot;}\">\n\t\t\t\t\t<div class=\"e-con-inner\">\n\t\t<div class=\"elementor-element elementor-element-edcb65d e-con-full e-flex e-con e-child\" data-id=\"edcb65d\" data-element_type=\"container\" data-e-type=\"container\">\n\t\t<div class=\"elementor-element elementor-element-5dd6085 e-con-full e-flex e-con e-child\" data-id=\"5dd6085\" data-element_type=\"container\" data-e-type=\"container\">\n\t\t\t\t<div class=\"elementor-element elementor-element-cade44a elementor-widget elementor-widget-image\" data-id=\"cade44a\" data-element_type=\"widget\" data-e-type=\"widget\" data-settings=\"{&quot;motion_fx_motion_fx_scrolling&quot;:&quot;yes&quot;,&quot;motion_fx_translateY_effect&quot;:&quot;yes&quot;,&quot;motion_fx_translateY_direction&quot;:&quot;negative&quot;,&quot;motion_fx_translateY_speed&quot;:{&quot;unit&quot;:&quot;px&quot;,&quot;size&quot;:1.5,&quot;sizes&quot;:[]},&quot;motion_fx_translateY_affectedRange&quot;:{&quot;unit&quot;:&quot;%&quot;,&quot;size&quot;:&quot;&quot;,&quot;sizes&quot;:{&quot;start&quot;:0,&quot;end&quot;:100}},&quot;motion_fx_devices&quot;:[&quot;desktop&quot;,&quot;laptop&quot;,&quot;tablet&quot;,&quot;mobile&quot;]}\" data-widget_type=\"image.default\">\n\t\t\t\t<div class=\"elementor-widget-container\">\n\t\t\t\t\t\t\t\t\t\t\t\t\t\t\t<img fetchpriority=\"high\" decoding=\"async\" width=\"887\" height=\"1195\" src=\"https:\/\/www.selvalifecoffee.com\/wp-content\/uploads\/2026\/02\/Artboard-1-copia-scaled-e1770909306692.png\" class=\"attachment-large size-large wp-image-1211\" alt=\"\" srcset=\"https:\/\/www.selvalifecoffee.com\/wp-content\/uploads\/2026\/02\/Artboard-1-copia-scaled-e1770909306692.png 887w, https:\/\/www.selvalifecoffee.com\/wp-content\/uploads\/2026\/02\/Artboard-1-copia-scaled-e1770909306692-768x1035.png 768w, https:\/\/www.selvalifecoffee.com\/wp-content\/uploads\/2026\/02\/Artboard-1-copia-scaled-e1770909306692-9x12.png 9w\" sizes=\"(max-width: 887px) 100vw, 887px\" title=\"Selva Life Coffe Brunch Girona\">\t\t\t\t\t\t\t\t\t\t\t\t\t\t\t<\/div>\n\t\t\t\t<\/div>\n\t\t\t\t<\/div>\n\t\t<div class=\"elementor-element elementor-element-f0c3b11 e-con-full e-flex e-con e-child\" data-id=\"f0c3b11\" data-element_type=\"container\" data-e-type=\"container\">\n\t\t<div class=\"elementor-element elementor-element-943c9a7 e-con-full e-flex e-con e-child\" data-id=\"943c9a7\" data-element_type=\"container\" data-e-type=\"container\">\n\t\t\t\t<div class=\"elementor-element elementor-element-2e19330 elementor-widget elementor-widget-heading\" data-id=\"2e19330\" data-element_type=\"widget\" data-e-type=\"widget\" data-widget_type=\"heading.default\">\n\t\t\t\t<div class=\"elementor-widget-container\">\n\t\t\t\t\t<h2 class=\"elementor-heading-title elementor-size-default\">Nuestro blog de art\u00edculos y novedades<\/h2>\t\t\t\t<\/div>\n\t\t\t\t<\/div>\n\t\t\t\t<div class=\"elementor-element elementor-element-dce3b89 elementor-widget elementor-widget-text-editor\" data-id=\"dce3b89\" data-element_type=\"widget\" data-e-type=\"widget\" data-widget_type=\"text-editor.default\">\n\t\t\t\t<div class=\"elementor-widget-container\">\n\t\t\t\t\t\t\t\t\t<p>Queremos que est\u00e9s informad@ de todas las novedades de Selva Caf\u00e8 d&#8217;especialitat i cuina tropical. En este apartado encontrar\u00e1s art\u00edculos sobre los ingredientes y productos que utilizamos, noticias de inter\u00e9s sobre temas como el cuidado del medio ambiente, necesidades alimentarias y tips de nutrici\u00f3n, y mucho m\u00e1s.\u00a0<\/p>\t\t\t\t\t\t\t\t<\/div>\n\t\t\t\t<\/div>\n\t\t\t\t<\/div>\n\t\t\t\t<\/div>\n\t\t\t\t<\/div>\n\t\t\t\t\t<\/div>\n\t\t\t\t<\/div>\n\t\t\t\t<section class=\"elementor-section elementor-top-section elementor-element elementor-element-5570c6bc elementor-section-boxed elementor-section-height-default elementor-section-height-default\" data-id=\"5570c6bc\" data-element_type=\"section\" data-e-type=\"section\">\n\t\t\t\t\t\t<div class=\"elementor-container elementor-column-gap-default\">\n\t\t\t\t\t<div class=\"elementor-column elementor-col-100 elementor-top-column elementor-element elementor-element-15268240\" data-id=\"15268240\" data-element_type=\"column\" data-e-type=\"column\">\n\t\t\t<div class=\"elementor-widget-wrap elementor-element-populated\">\n\t\t\t\t\t\t<div class=\"elementor-element elementor-element-1422c87c elementor-grid-4 elementor-grid-tablet-2 elementor-grid-mobile-1 elementor-posts--thumbnail-top elementor-card-shadow-yes elementor-posts__hover-gradient elementor-widget elementor-widget-posts\" data-id=\"1422c87c\" data-element_type=\"widget\" data-e-type=\"widget\" data-settings=\"{&quot;cards_columns&quot;:&quot;4&quot;,&quot;cards_columns_tablet&quot;:&quot;2&quot;,&quot;cards_columns_mobile&quot;:&quot;1&quot;,&quot;cards_row_gap&quot;:{&quot;unit&quot;:&quot;px&quot;,&quot;size&quot;:35,&quot;sizes&quot;:[]},&quot;cards_row_gap_laptop&quot;:{&quot;unit&quot;:&quot;px&quot;,&quot;size&quot;:&quot;&quot;,&quot;sizes&quot;:[]},&quot;cards_row_gap_tablet&quot;:{&quot;unit&quot;:&quot;px&quot;,&quot;size&quot;:&quot;&quot;,&quot;sizes&quot;:[]},&quot;cards_row_gap_mobile&quot;:{&quot;unit&quot;:&quot;px&quot;,&quot;size&quot;:&quot;&quot;,&quot;sizes&quot;:[]}}\" data-widget_type=\"posts.cards\">\n\t\t\t\t<div class=\"elementor-widget-container\">\n\t\t\t\t\t\t\t<div class=\"elementor-posts-container elementor-posts elementor-posts--skin-cards elementor-grid\" role=\"list\">\n\t\t\t\t<article class=\"elementor-post elementor-grid-item post-841 post type-post status-publish format-standard has-post-thumbnail hentry category-uncategorized\" role=\"listitem\">\n\t\t\t<div class=\"elementor-post__card\">\n\t\t\t\t<a class=\"elementor-post__thumbnail__link\" href=\"https:\/\/www.selvalifecoffee.com\/ca\/superfoods-deliciosos-y-nutritivos\/\" tabindex=\"-1\" ><div class=\"elementor-post__thumbnail\"><img decoding=\"async\" width=\"1575\" height=\"945\" src=\"https:\/\/www.selvalifecoffee.com\/wp-content\/uploads\/2024\/02\/selva-superfoods-platos.jpg\" class=\"attachment-medium size-medium wp-image-857\" alt=\"\" srcset=\"https:\/\/www.selvalifecoffee.com\/wp-content\/uploads\/2024\/02\/selva-superfoods-platos.jpg 1575w, https:\/\/www.selvalifecoffee.com\/wp-content\/uploads\/2024\/02\/selva-superfoods-platos-768x461.jpg 768w, https:\/\/www.selvalifecoffee.com\/wp-content\/uploads\/2024\/02\/selva-superfoods-platos-1536x922.jpg 1536w, https:\/\/www.selvalifecoffee.com\/wp-content\/uploads\/2024\/02\/selva-superfoods-platos-18x12.jpg 18w, https:\/\/www.selvalifecoffee.com\/wp-content\/uploads\/2024\/02\/selva-superfoods-platos-600x360.jpg 600w\" sizes=\"(max-width: 1575px) 100vw, 1575px\" title=\"Selva Life Coffe Brunch Girona\"><\/div><\/a>\n\t\t\t\t<div class=\"elementor-post__text\">\n\t\t\t\t<h3 class=\"elementor-post__title\">\n\t\t\t<a href=\"https:\/\/www.selvalifecoffee.com\/ca\/superfoods-deliciosos-y-nutritivos\/\" >\n\t\t\t\t\u00bfHas o\u00eddo hablar de los Superfoods? Opciones deliciosas y altamente nutritivas en Selva\t\t\t<\/a>\n\t\t<\/h3>\n\t\t\n\t\t<a class=\"elementor-post__read-more\" href=\"https:\/\/www.selvalifecoffee.com\/ca\/superfoods-deliciosos-y-nutritivos\/\" aria-label=\"Read more about \u00bfHas o\u00eddo hablar de los Superfoods? Opciones deliciosas y altamente nutritivas en Selva\" tabindex=\"-1\" >\n\t\t\tLeer m\u00e1s\t\t<\/a>\n\n\t\t\t\t<\/div>\n\t\t\t\t<div class=\"elementor-post__meta-data\">\n\t\t\t\t\t<span class=\"elementor-post-date\">\n\t\t\t27\/02\/2024\t\t<\/span>\n\t\t\t\t<\/div>\n\t\t\t\t\t<\/div>\n\t\t<\/article>\n\t\t\t\t<article class=\"elementor-post elementor-grid-item post-832 post type-post status-publish format-standard has-post-thumbnail hentry category-uncategorized\" role=\"listitem\">\n\t\t\t<div class=\"elementor-post__card\">\n\t\t\t\t<a class=\"elementor-post__thumbnail__link\" href=\"https:\/\/www.selvalifecoffee.com\/ca\/comercio-justo-en-selva-life\/\" tabindex=\"-1\" ><div class=\"elementor-post__thumbnail\"><img decoding=\"async\" width=\"850\" height=\"468\" src=\"https:\/\/www.selvalifecoffee.com\/wp-content\/uploads\/2024\/01\/Imagen-1.jpg\" class=\"attachment-medium size-medium wp-image-833\" alt=\"Comercio justo en girona selva life brunch\" srcset=\"https:\/\/www.selvalifecoffee.com\/wp-content\/uploads\/2024\/01\/Imagen-1.jpg 850w, https:\/\/www.selvalifecoffee.com\/wp-content\/uploads\/2024\/01\/Imagen-1-768x423.jpg 768w, https:\/\/www.selvalifecoffee.com\/wp-content\/uploads\/2024\/01\/Imagen-1-18x10.jpg 18w, https:\/\/www.selvalifecoffee.com\/wp-content\/uploads\/2024\/01\/Imagen-1-600x330.jpg 600w\" sizes=\"(max-width: 850px) 100vw, 850px\" title=\"Selva Life Coffe Brunch Girona\"><\/div><\/a>\n\t\t\t\t<div class=\"elementor-post__text\">\n\t\t\t\t<h3 class=\"elementor-post__title\">\n\t\t\t<a href=\"https:\/\/www.selvalifecoffee.com\/ca\/comercio-justo-en-selva-life\/\" >\n\t\t\t\tDescubre el Mundo del Comercio Justo en Selva Life Coffee: M\u00e1s All\u00e1 del Caf\u00e9 y Brunch\t\t\t<\/a>\n\t\t<\/h3>\n\t\t\n\t\t<a class=\"elementor-post__read-more\" href=\"https:\/\/www.selvalifecoffee.com\/ca\/comercio-justo-en-selva-life\/\" aria-label=\"Read more about Descubre el Mundo del Comercio Justo en Selva Life Coffee: M\u00e1s All\u00e1 del Caf\u00e9 y Brunch\" tabindex=\"-1\" >\n\t\t\tLeer m\u00e1s\t\t<\/a>\n\n\t\t\t\t<\/div>\n\t\t\t\t<div class=\"elementor-post__meta-data\">\n\t\t\t\t\t<span class=\"elementor-post-date\">\n\t\t\t19\/01\/2024\t\t<\/span>\n\t\t\t\t<\/div>\n\t\t\t\t\t<\/div>\n\t\t<\/article>\n\t\t\t\t<article class=\"elementor-post elementor-grid-item post-819 post type-post status-publish format-standard has-post-thumbnail hentry category-uncategorized\" role=\"listitem\">\n\t\t\t<div class=\"elementor-post__card\">\n\t\t\t\t<a class=\"elementor-post__thumbnail__link\" href=\"https:\/\/www.selvalifecoffee.com\/ca\/explora-el-encanto-del-brunch-en-girona\/\" tabindex=\"-1\" ><div class=\"elementor-post__thumbnail\"><img loading=\"lazy\" decoding=\"async\" width=\"1420\" height=\"950\" src=\"https:\/\/www.selvalifecoffee.com\/wp-content\/uploads\/2023\/12\/brunch-en-girona.jpg\" class=\"attachment-medium size-medium wp-image-823\" alt=\"Brunch en Girona veggie gluten free\" srcset=\"https:\/\/www.selvalifecoffee.com\/wp-content\/uploads\/2023\/12\/brunch-en-girona.jpg 1420w, https:\/\/www.selvalifecoffee.com\/wp-content\/uploads\/2023\/12\/brunch-en-girona-768x514.jpg 768w, https:\/\/www.selvalifecoffee.com\/wp-content\/uploads\/2023\/12\/brunch-en-girona-18x12.jpg 18w, https:\/\/www.selvalifecoffee.com\/wp-content\/uploads\/2023\/12\/brunch-en-girona-600x401.jpg 600w\" sizes=\"(max-width: 1420px) 100vw, 1420px\" title=\"Selva Life Coffe Brunch Girona\"><\/div><\/a>\n\t\t\t\t<div class=\"elementor-post__text\">\n\t\t\t\t<h3 class=\"elementor-post__title\">\n\t\t\t<a href=\"https:\/\/www.selvalifecoffee.com\/ca\/explora-el-encanto-del-brunch-en-girona\/\" >\n\t\t\t\tExplora el encanto del Brunch en Girona\t\t\t<\/a>\n\t\t<\/h3>\n\t\t\n\t\t<a class=\"elementor-post__read-more\" href=\"https:\/\/www.selvalifecoffee.com\/ca\/explora-el-encanto-del-brunch-en-girona\/\" aria-label=\"Read more about Explora el encanto del Brunch en Girona\" tabindex=\"-1\" >\n\t\t\tLeer m\u00e1s\t\t<\/a>\n\n\t\t\t\t<\/div>\n\t\t\t\t<div class=\"elementor-post__meta-data\">\n\t\t\t\t\t<span class=\"elementor-post-date\">\n\t\t\t19\/12\/2023\t\t<\/span>\n\t\t\t\t<\/div>\n\t\t\t\t\t<\/div>\n\t\t<\/article>\n\t\t\t\t<article class=\"elementor-post elementor-grid-item post-805 post type-post status-publish format-standard has-post-thumbnail hentry category-uncategorized\" role=\"listitem\">\n\t\t\t<div class=\"elementor-post__card\">\n\t\t\t\t<a class=\"elementor-post__thumbnail__link\" href=\"https:\/\/www.selvalifecoffee.com\/ca\/prueba-nomad-coffee-un-cafe-excelente\/\" tabindex=\"-1\" ><div class=\"elementor-post__thumbnail\"><img loading=\"lazy\" decoding=\"async\" width=\"972\" height=\"808\" src=\"https:\/\/www.selvalifecoffee.com\/wp-content\/uploads\/2023\/11\/Cafe-nomad01.jpg\" class=\"attachment-medium size-medium wp-image-807\" alt=\"Nomad Coffee Selva Girona caf\u00e9 especialidad\" srcset=\"https:\/\/www.selvalifecoffee.com\/wp-content\/uploads\/2023\/11\/Cafe-nomad01.jpg 972w, https:\/\/www.selvalifecoffee.com\/wp-content\/uploads\/2023\/11\/Cafe-nomad01-768x638.jpg 768w, https:\/\/www.selvalifecoffee.com\/wp-content\/uploads\/2023\/11\/Cafe-nomad01-14x12.jpg 14w, https:\/\/www.selvalifecoffee.com\/wp-content\/uploads\/2023\/11\/Cafe-nomad01-600x499.jpg 600w\" sizes=\"(max-width: 972px) 100vw, 972px\" title=\"Selva Life Coffe Brunch Girona\"><\/div><\/a>\n\t\t\t\t<div class=\"elementor-post__text\">\n\t\t\t\t<h3 class=\"elementor-post__title\">\n\t\t\t<a href=\"https:\/\/www.selvalifecoffee.com\/ca\/prueba-nomad-coffee-un-cafe-excelente\/\" >\n\t\t\t\tPrueba Nomad Coffee en Girona, un caf\u00e9 excelente de comercio justo\t\t\t<\/a>\n\t\t<\/h3>\n\t\t\n\t\t<a class=\"elementor-post__read-more\" href=\"https:\/\/www.selvalifecoffee.com\/ca\/prueba-nomad-coffee-un-cafe-excelente\/\" aria-label=\"Read more about Prueba Nomad Coffee en Girona, un caf\u00e9 excelente de comercio justo\" tabindex=\"-1\" >\n\t\t\tLeer m\u00e1s\t\t<\/a>\n\n\t\t\t\t<\/div>\n\t\t\t\t<div class=\"elementor-post__meta-data\">\n\t\t\t\t\t<span class=\"elementor-post-date\">\n\t\t\t22\/11\/2023\t\t<\/span>\n\t\t\t\t<\/div>\n\t\t\t\t\t<\/div>\n\t\t<\/article>\n\t\t\t\t<\/div>\n\t\t\n\t\t\t\t\t\t<\/div>\n\t\t\t\t<\/div>\n\t\t\t\t\t<\/div>\n\t\t<\/div>\n\t\t\t\t\t<\/div>\n\t\t<\/section>\n\t\t\t\t<\/div>\n\t\t","protected":false},"excerpt":{"rendered":"<p>Nuestro blog de art\u00edculos y novedades Queremos que est\u00e9s informad@ de todas las novedades de Selva Caf\u00e8 d&#8217;especialitat<\/p>","protected":false},"author":1,"featured_media":0,"parent":0,"menu_order":0,"comment_status":"closed","ping_status":"closed","template":"","meta":{"footnotes":""},"class_list":["post-23","page","type-page","status-publish","hentry"],"_links":{"self":[{"href":"https:\/\/www.selvalifecoffee.com\/ca\/wp-json\/wp\/v2\/pages\/23","targetHints":{"allow":["GET"]}}],"collection":[{"href":"https:\/\/www.selvalifecoffee.com\/ca\/wp-json\/wp\/v2\/pages"}],"about":[{"href":"https:\/\/www.selvalifecoffee.com\/ca\/wp-json\/wp\/v2\/types\/page"}],"author":[{"embeddable":true,"href":"https:\/\/www.selvalifecoffee.com\/ca\/wp-json\/wp\/v2\/users\/1"}],"replies":[{"embeddable":true,"href":"https:\/\/www.selvalifecoffee.com\/ca\/wp-json\/wp\/v2\/comments?post=23"}],"version-history":[{"count":19,"href":"https:\/\/www.selvalifecoffee.com\/ca\/wp-json\/wp\/v2\/pages\/23\/revisions"}],"predecessor-version":[{"id":1276,"href":"https:\/\/www.selvalifecoffee.com\/ca\/wp-json\/wp\/v2\/pages\/23\/revisions\/1276"}],"wp:attachment":[{"href":"https:\/\/www.selvalifecoffee.com\/ca\/wp-json\/wp\/v2\/media?parent=23"}],"curies":[{"name":"wp","href":"https:\/\/api.w.org\/{rel}","templated":true}]}}