{"id":21,"date":"2023-04-21T11:22:57","date_gmt":"2023-04-21T09:22:57","guid":{"rendered":"http:\/\/www.selvalifecoffee.com\/?page_id=21"},"modified":"2026-02-13T15:37:57","modified_gmt":"2026-02-13T14:37:57","slug":"la-carta","status":"publish","type":"page","link":"https:\/\/www.selvalifecoffee.com\/ca\/la-carta\/","title":{"rendered":"La carta"},"content":{"rendered":"\t\t<div data-elementor-type=\"wp-page\" data-elementor-id=\"21\" class=\"elementor elementor-21\" data-elementor-post-type=\"page\">\n\t\t\t\t<div class=\"elementor-element elementor-element-7afc815 e-flex e-con-boxed e-con e-parent\" data-id=\"7afc815\" data-element_type=\"container\" data-e-type=\"container\" data-settings=\"{&quot;background_background&quot;:&quot;slideshow&quot;,&quot;background_slideshow_gallery&quot;:[{&quot;id&quot;:479,&quot;url&quot;:&quot;https:\\\/\\\/www.selvalifecoffee.com\\\/wp-content\\\/uploads\\\/2023\\\/05\\\/carta-3.jpg&quot;},{&quot;id&quot;:477,&quot;url&quot;:&quot;https:\\\/\\\/www.selvalifecoffee.com\\\/wp-content\\\/uploads\\\/2023\\\/05\\\/carta-0.jpg&quot;},{&quot;id&quot;:478,&quot;url&quot;:&quot;https:\\\/\\\/www.selvalifecoffee.com\\\/wp-content\\\/uploads\\\/2023\\\/05\\\/carta-1.jpg&quot;}],&quot;background_slideshow_slide_duration&quot;:2000,&quot;background_slideshow_loop&quot;:&quot;yes&quot;,&quot;background_slideshow_slide_transition&quot;:&quot;fade&quot;,&quot;background_slideshow_transition_duration&quot;:500}\">\n\t\t\t\t\t<div class=\"e-con-inner\">\n\t\t\t\t<div class=\"elementor-element elementor-element-fb044b3 elementor-widget elementor-widget-heading\" data-id=\"fb044b3\" data-element_type=\"widget\" data-e-type=\"widget\" data-widget_type=\"heading.default\">\n\t\t\t\t<div class=\"elementor-widget-container\">\n\t\t\t\t\t<h1 class=\"elementor-heading-title elementor-size-default\">Caf\u00e9 de especialidad y cocina tropical  en Girona<\/h1>\t\t\t\t<\/div>\n\t\t\t\t<\/div>\n\t\t\t\t<div class=\"elementor-element elementor-element-04e9c42 elementor-icon-list--layout-inline elementor-align-center elementor-list-item-link-full_width elementor-widget elementor-widget-icon-list\" data-id=\"04e9c42\" data-element_type=\"widget\" data-e-type=\"widget\" data-widget_type=\"icon-list.default\">\n\t\t\t\t<div class=\"elementor-widget-container\">\n\t\t\t\t\t\t\t<ul class=\"elementor-icon-list-items elementor-inline-items\">\n\t\t\t\t\t\t\t<li class=\"elementor-icon-list-item elementor-inline-item\">\n\t\t\t\t\t\t\t\t\t\t\t<a href=\"https:\/\/www.google.es\/maps\/dir\/\/SELVA+Life+Coffee+%26+Brunch,+Carrer+Migdia,+15,+17002+Girona\/@41.9741874,2.8277631,15z\/data=!4m9!4m8!1m0!1m5!1m1!1s0x12bae77bcf779d45:0x4293484118d9d101!2m2!1d2.820895!2d41.976512!3e0\" target=\"_blank\" rel=\"noopener\">\n\n\t\t\t\t\t\t\t\t\t\t\t\t<span class=\"elementor-icon-list-icon\">\n\t\t\t\t\t\t\t<i aria-hidden=\"true\" class=\"fas fa-map-marker-alt\"><\/i>\t\t\t\t\t\t<\/span>\n\t\t\t\t\t\t\t\t\t\t<span class=\"elementor-icon-list-text\">C\u00f3mo llegar<\/span>\n\t\t\t\t\t\t\t\t\t\t\t<\/a>\n\t\t\t\t\t\t\t\t\t<\/li>\n\t\t\t\t\t\t\t\t<li class=\"elementor-icon-list-item elementor-inline-item\">\n\t\t\t\t\t\t\t\t\t\t\t<a href=\"tel:972712912\">\n\n\t\t\t\t\t\t\t\t\t\t\t\t<span class=\"elementor-icon-list-icon\">\n\t\t\t\t\t\t\t<i aria-hidden=\"true\" class=\"fas fa-phone-alt\"><\/i>\t\t\t\t\t\t<\/span>\n\t\t\t\t\t\t\t\t\t\t<span class=\"elementor-icon-list-text\">972 71 29 12<\/span>\n\t\t\t\t\t\t\t\t\t\t\t<\/a>\n\t\t\t\t\t\t\t\t\t<\/li>\n\t\t\t\t\t\t<\/ul>\n\t\t\t\t\t\t<\/div>\n\t\t\t\t<\/div>\n\t\t\t\t\t<\/div>\n\t\t\t\t<\/div>\n\t\t<div class=\"elementor-element elementor-element-4292b0e e-con-full e-flex elementor-invisible e-con e-parent\" data-id=\"4292b0e\" data-element_type=\"container\" data-e-type=\"container\" data-settings=\"{&quot;background_background&quot;:&quot;classic&quot;,&quot;animation&quot;:&quot;fadeIn&quot;}\">\n\t\t\t\t<div class=\"elementor-element elementor-element-add6f17 elementor-position-inline-start animated-slow elementor-view-default elementor-mobile-position-block-start elementor-invisible elementor-widget elementor-widget-icon-box\" data-id=\"add6f17\" data-element_type=\"widget\" data-e-type=\"widget\" data-settings=\"{&quot;_animation&quot;:&quot;fadeIn&quot;,&quot;_animation_delay&quot;:400}\" data-widget_type=\"icon-box.default\">\n\t\t\t\t<div class=\"elementor-widget-container\">\n\t\t\t\t\t\t\t<div class=\"elementor-icon-box-wrapper\">\n\n\t\t\t\t\t\t<div class=\"elementor-icon-box-icon\">\n\t\t\t\t<span  class=\"elementor-icon\">\n\t\t\t\t<svg xmlns=\"http:\/\/www.w3.org\/2000\/svg\" id=\"uuid-47ff559d-7cf0-41ea-9909-adbb2c006902\" data-name=\"Disseny\" width=\"63.8\" height=\"51.9\" viewBox=\"0 0 63.8 51.9\"><defs><style>      .uuid-a2371e78-7254-4f45-98ab-2199d6620dfa {        fill: #fff;      }    <\/style><\/defs><path class=\"uuid-a2371e78-7254-4f45-98ab-2199d6620dfa\" d=\"m51.3,19.4c-.1-.5-.4-.8-.9-.9-1.7-.5-3.5-.7-5.3-.5-4.1.3-7.5,2-10.2,5.1-.4.5-.8,1.1-1.3,1.6,0,0,0-.2,0-.2-.3-1-.5-2-.9-3-2.9-6.8-9.9-10.9-17.3-10-.7,0-1.5.1-1.8.9v.5c.1.2.2.4.4.6,1.1,1.1,2,2.4,2.6,3.9.7,1.7,1.2,3.3,1.9,5,1,2.7,2.4,5,4.7,6.7,1.5,1.1,3.2,1.8,5,2.4,1.1.3,2.1.6,3.2.9v.4c0,2.2,0,4.4,0,6.6,0,.7.4,1.2,1.1,1.2.7,0,1.1-.5,1.1-1.2,0-1.2,0-2.3,0-3.5v-.7c.2,0,.3,0,.4,0,1.1-.2,2.3-.3,3.4-.5,3.4-.7,6.1-2.5,7.9-5.5.7-1.2,1.3-2.5,2-3.8.9-1.8,2-3.5,3.6-4.7.4-.3.6-.7.5-1.2Zm-19.8,10.7c-1.4-.3-2.8-.7-4.1-1.2-2.8-1.1-5-2.9-6.3-5.7-.4-.9-.8-1.9-1.2-2.9-.6-1.7-1.1-3.5-2-5.1-.3-.5-.6-1-.9-1.5,8.5-.6,16.1,8,14.4,16.4Zm13.4-5c-.6,1.4-1.3,2.7-2.3,3.9-1.5,1.9-3.5,2.9-5.8,3.4-1.1.2-2.1.4-3.2.6-.4-7.5,6.8-13.9,14.1-12.7,0,0,0,0,0,0-1.2,1.4-2.1,3.1-2.9,4.8Z\"><\/path><\/svg>\t\t\t\t<\/span>\n\t\t\t<\/div>\n\t\t\t\n\t\t\t\t\t\t<div class=\"elementor-icon-box-content\">\n\n\t\t\t\t\t\t\t\t\t<h3 class=\"elementor-icon-box-title\">\n\t\t\t\t\t\t<span  >\n\t\t\t\t\t\t\tDESAYUNOS, BRUNCH tropical, MEN\u00daS, POSTRES\t\t\t\t\t\t<\/span>\n\t\t\t\t\t<\/h3>\n\t\t\t\t\n\t\t\t\t\n\t\t\t<\/div>\n\t\t\t\n\t\t<\/div>\n\t\t\t\t\t\t<\/div>\n\t\t\t\t<\/div>\n\t\t\t\t<\/div>\n\t\t<div class=\"elementor-element elementor-element-f283025 e-con-full animated-slow e-flex elementor-invisible e-con e-parent\" data-id=\"f283025\" data-element_type=\"container\" data-e-type=\"container\" data-settings=\"{&quot;background_background&quot;:&quot;classic&quot;,&quot;animation&quot;:&quot;fadeIn&quot;}\">\n\t\t<div class=\"elementor-element elementor-element-ad3f95d e-con-full e-flex e-con e-child\" data-id=\"ad3f95d\" data-element_type=\"container\" data-e-type=\"container\">\n\t\t\t\t<div class=\"elementor-element elementor-element-f95ed92 animated-slow elementor-invisible elementor-widget elementor-widget-heading\" data-id=\"f95ed92\" data-element_type=\"widget\" data-e-type=\"widget\" data-settings=\"{&quot;_animation&quot;:&quot;fadeIn&quot;}\" data-widget_type=\"heading.default\">\n\t\t\t\t<div class=\"elementor-widget-container\">\n\t\t\t\t\t<h2 class=\"elementor-heading-title elementor-size-default\">Brunch y cocina tropical  en Girona: nuestra carta casera<\/h2>\t\t\t\t<\/div>\n\t\t\t\t<\/div>\n\t\t\t\t<div class=\"elementor-element elementor-element-08d1276 animated-slow elementor-invisible elementor-widget elementor-widget-text-editor\" data-id=\"08d1276\" data-element_type=\"widget\" data-e-type=\"widget\" data-settings=\"{&quot;_animation&quot;:&quot;fadeIn&quot;}\" data-widget_type=\"text-editor.default\">\n\t\t\t\t<div class=\"elementor-widget-container\">\n\t\t\t\t\t\t\t\t\t<p>Los ingredientes de nuestros platos son de <strong>origen ecol\u00f3gico en su mayor\u00eda<\/strong>, incluyendo la prote\u00edna animal. Contamos tambi\u00e9n con opciones vegetarianas.<\/p><p>Los platos tienen un <strong>alto valor nutritivo<\/strong>, tanto las tostadas del brunch, los bowls de fruta, las tapas tropicales, como el men\u00fa, ya que evitamos un exceso de carbohidratos simples y az\u00facares innecesarios. Todas nuestras elaboraciones est\u00e1n dise\u00f1adas para ofrecerte un men\u00fa saludable con todo el sabor de los ingredientes frescos.<\/p><p>Contamos con pan de trigo tradicional hecho masa madre y harina ecol\u00f3gica. Adem\u00e1s, nuestra cocina es <strong>apta para cel\u00edacos,<\/strong>\u00a0tenemos\u00a0 un espacio especial para el pan con gluten, as\u00ed no hay contaminaci\u00f3n cruzada, lo que es ideal para las personas cel\u00edacas y al\u00e9rgicas.\u00a0<\/p>\t\t\t\t\t\t\t\t<\/div>\n\t\t\t\t<\/div>\n\t\t\t\t<\/div>\n\t\t<div class=\"elementor-element elementor-element-0e43ec9 e-con-full e-flex e-con e-child\" data-id=\"0e43ec9\" data-element_type=\"container\" data-e-type=\"container\">\n\t\t\t\t<div class=\"elementor-element elementor-element-9518ea6 animated-slow elementor-invisible elementor-widget elementor-widget-heading\" data-id=\"9518ea6\" data-element_type=\"widget\" data-e-type=\"widget\" data-settings=\"{&quot;_animation&quot;:&quot;fadeIn&quot;}\" data-widget_type=\"heading.default\">\n\t\t\t\t<div class=\"elementor-widget-container\">\n\t\t\t\t\t<h2 class=\"elementor-heading-title elementor-size-default\">Men\u00fa de mediod\u00eda y caf\u00e9 de especialidad<\/h2>\t\t\t\t<\/div>\n\t\t\t\t<\/div>\n\t\t\t\t<div class=\"elementor-element elementor-element-098fc97 animated-slow elementor-invisible elementor-widget elementor-widget-text-editor\" data-id=\"098fc97\" data-element_type=\"widget\" data-e-type=\"widget\" data-settings=\"{&quot;_animation&quot;:&quot;fadeIn&quot;}\" data-widget_type=\"text-editor.default\">\n\t\t\t\t<div class=\"elementor-widget-container\">\n\t\t\t\t\t\t\t\t\t<p style=\"font-weight: 400;\">En Selva Caf\u00e9 de especialidad y cocina tropical ofrecemos una de las ofertas m\u00e1s completas de Girona. Nuestra carta combina desayunos saludables, platos tropicales caseros, opciones vegetarianas y sin gluten, todo acompa\u00f1ado de un\u00a0 caf\u00e9 premium y zumos naturales. Estamos en pleno centro de Girona, a 5 minutos andando desde la estaci\u00f3n.<\/p>\t\t\t\t\t\t\t\t<\/div>\n\t\t\t\t<\/div>\n\t\t\t\t<\/div>\n\t\t\t\t<\/div>\n\t\t<div class=\"elementor-element elementor-element-d752a59 e-con-full animated-slow e-flex elementor-invisible e-con e-parent\" data-id=\"d752a59\" data-element_type=\"container\" data-e-type=\"container\" data-settings=\"{&quot;animation&quot;:&quot;fadeIn&quot;}\">\n\t\t<div class=\"elementor-element elementor-element-a2a5082 e-con-full e-flex e-con e-child\" data-id=\"a2a5082\" data-element_type=\"container\" data-e-type=\"container\">\n\t\t\t\t<div class=\"elementor-element elementor-element-2a27355 animated-slow elementor-invisible elementor-widget elementor-widget-heading\" data-id=\"2a27355\" data-element_type=\"widget\" data-e-type=\"widget\" data-settings=\"{&quot;_animation&quot;:&quot;fadeIn&quot;}\" data-widget_type=\"heading.default\">\n\t\t\t\t<div class=\"elementor-widget-container\">\n\t\t\t\t\t<h2 class=\"elementor-heading-title elementor-size-default\">Opciones de comida disponible en Selva Life<\/h2>\t\t\t\t<\/div>\n\t\t\t\t<\/div>\n\t\t<div class=\"elementor-element elementor-element-6bf9c86 e-con-full e-flex e-con e-child\" data-id=\"6bf9c86\" data-element_type=\"container\" data-e-type=\"container\">\n\t\t\t\t<div class=\"elementor-element elementor-element-2e912ea elementor-widget__width-initial elementor-invisible elementor-widget elementor-widget-image\" data-id=\"2e912ea\" data-element_type=\"widget\" data-e-type=\"widget\" data-settings=\"{&quot;_animation&quot;:&quot;zoomIn&quot;}\" data-widget_type=\"image.default\">\n\t\t\t\t<div class=\"elementor-widget-container\">\n\t\t\t\t\t\t\t\t\t\t\t\t\t\t\t\t<a href=\"https:\/\/www.selvalifecoffee.com\/wp-content\/uploads\/2025\/11\/ES-Menu.pdf\" target=\"_blank\">\n\t\t\t\t\t\t\t<img fetchpriority=\"high\" decoding=\"async\" width=\"1536\" height=\"1076\" src=\"https:\/\/www.selvalifecoffee.com\/wp-content\/uploads\/2025\/11\/ES-Carta01-1536x1076.jpg\" class=\"elementor-animation-grow attachment-1536x1536 size-1536x1536 wp-image-1089\" alt=\"\" srcset=\"https:\/\/www.selvalifecoffee.com\/wp-content\/uploads\/2025\/11\/ES-Carta01-1536x1076.jpg 1536w, https:\/\/www.selvalifecoffee.com\/wp-content\/uploads\/2025\/11\/ES-Carta01-768x538.jpg 768w, https:\/\/www.selvalifecoffee.com\/wp-content\/uploads\/2025\/11\/ES-Carta01-18x12.jpg 18w, https:\/\/www.selvalifecoffee.com\/wp-content\/uploads\/2025\/11\/ES-Carta01.jpg 1655w\" sizes=\"(max-width: 1536px) 100vw, 1536px\" title=\"Selva Life Coffe Brunch Girona\">\t\t\t\t\t\t\t\t<\/a>\n\t\t\t\t\t\t\t\t\t\t\t\t\t\t\t<\/div>\n\t\t\t\t<\/div>\n\t\t\t\t<div class=\"elementor-element elementor-element-39464b6 elementor-widget__width-initial elementor-invisible elementor-widget elementor-widget-image\" data-id=\"39464b6\" data-element_type=\"widget\" data-e-type=\"widget\" data-settings=\"{&quot;_animation&quot;:&quot;zoomIn&quot;}\" data-widget_type=\"image.default\">\n\t\t\t\t<div class=\"elementor-widget-container\">\n\t\t\t\t\t\t\t\t\t\t\t\t\t\t\t\t<a href=\"https:\/\/www.selvalifecoffee.com\/wp-content\/uploads\/2025\/11\/ES-Menu.pdf\" target=\"_blank\">\n\t\t\t\t\t\t\t<img decoding=\"async\" width=\"1536\" height=\"1076\" src=\"https:\/\/www.selvalifecoffee.com\/wp-content\/uploads\/2025\/11\/ES-Carta02-1536x1076.jpg\" class=\"elementor-animation-grow attachment-1536x1536 size-1536x1536 wp-image-1090\" alt=\"\" srcset=\"https:\/\/www.selvalifecoffee.com\/wp-content\/uploads\/2025\/11\/ES-Carta02-1536x1076.jpg 1536w, https:\/\/www.selvalifecoffee.com\/wp-content\/uploads\/2025\/11\/ES-Carta02-768x538.jpg 768w, https:\/\/www.selvalifecoffee.com\/wp-content\/uploads\/2025\/11\/ES-Carta02-18x12.jpg 18w, https:\/\/www.selvalifecoffee.com\/wp-content\/uploads\/2025\/11\/ES-Carta02.jpg 1655w\" sizes=\"(max-width: 1536px) 100vw, 1536px\" title=\"Selva Life Coffe Brunch Girona\">\t\t\t\t\t\t\t\t<\/a>\n\t\t\t\t\t\t\t\t\t\t\t\t\t\t\t<\/div>\n\t\t\t\t<\/div>\n\t\t\t\t<\/div>\n\t\t\t\t<\/div>\n\t\t\t\t<\/div>\n\t\t<div class=\"elementor-element elementor-element-e85e7c1 e-con-full animated-slow e-flex elementor-invisible e-con e-parent\" data-id=\"e85e7c1\" data-element_type=\"container\" data-e-type=\"container\" data-settings=\"{&quot;background_background&quot;:&quot;classic&quot;,&quot;animation&quot;:&quot;fadeIn&quot;}\">\n\t\t\t\t<div class=\"elementor-element elementor-element-c8bcef4 animated-slow elementor-invisible elementor-widget elementor-widget-text-editor\" data-id=\"c8bcef4\" data-element_type=\"widget\" data-e-type=\"widget\" data-settings=\"{&quot;_animation&quot;:&quot;fadeIn&quot;}\" data-widget_type=\"text-editor.default\">\n\t\t\t\t<div class=\"elementor-widget-container\">\n\t\t\t\t\t\t\t\t\t<p>Conoce m\u00e1s sobre nuestra filosof\u00eda y nuestra pasi\u00f3n por la cocina tropical de calidad<\/p>\t\t\t\t\t\t\t\t<\/div>\n\t\t\t\t<\/div>\n\t\t\t\t<div class=\"elementor-element elementor-element-566a30c elementor-mobile-align-left elementor-hidden-mobile elementor-invisible elementor-widget elementor-widget-button\" data-id=\"566a30c\" data-element_type=\"widget\" data-e-type=\"widget\" data-settings=\"{&quot;_animation&quot;:&quot;fadeIn&quot;,&quot;_animation_delay&quot;:1000}\" data-widget_type=\"button.default\">\n\t\t\t\t<div class=\"elementor-widget-container\">\n\t\t\t\t\t\t\t\t\t<div class=\"elementor-button-wrapper\">\n\t\t\t\t\t<a class=\"elementor-button elementor-button-link elementor-size-sm elementor-animation-grow\" href=\"http:\/\/www.selvalifecoffee.com\/nosotros\">\n\t\t\t\t\t\t<span class=\"elementor-button-content-wrapper\">\n\t\t\t\t\t\t\t\t\t<span class=\"elementor-button-text\">NOSOTROS<\/span>\n\t\t\t\t\t<\/span>\n\t\t\t\t\t<\/a>\n\t\t\t\t<\/div>\n\t\t\t\t\t\t\t\t<\/div>\n\t\t\t\t<\/div>\n\t\t\t\t<\/div>\n\t\t<div class=\"elementor-element elementor-element-b250c98 e-con-full animated-slow e-flex elementor-invisible e-con e-parent\" data-id=\"b250c98\" data-element_type=\"container\" data-e-type=\"container\" data-settings=\"{&quot;background_background&quot;:&quot;classic&quot;,&quot;animation&quot;:&quot;fadeIn&quot;}\">\n\t\t\t\t<div class=\"elementor-element elementor-element-50e4fab animated-slow elementor-invisible elementor-widget elementor-widget-heading\" data-id=\"50e4fab\" data-element_type=\"widget\" data-e-type=\"widget\" data-settings=\"{&quot;_animation&quot;:&quot;fadeIn&quot;,&quot;_animation_delay&quot;:400}\" data-widget_type=\"heading.default\">\n\t\t\t\t<div class=\"elementor-widget-container\">\n\t\t\t\t\t<h2 class=\"elementor-heading-title elementor-size-default\">\u00bfD\u00f3nde estamos? Vis\u00edtanos en el centro de Girona<\/h2>\t\t\t\t<\/div>\n\t\t\t\t<\/div>\n\t\t\t\t<\/div>\n\t\t<div class=\"elementor-element elementor-element-d6f1c4c e-con-full animated-slow e-flex elementor-invisible e-con e-parent\" data-id=\"d6f1c4c\" data-element_type=\"container\" data-e-type=\"container\" data-settings=\"{&quot;animation&quot;:&quot;fadeIn&quot;}\">\n\t\t\t\t<div class=\"elementor-element elementor-element-fe7ce9f elementor-widget elementor-widget-google_maps\" data-id=\"fe7ce9f\" data-element_type=\"widget\" data-e-type=\"widget\" data-widget_type=\"google_maps.default\">\n\t\t\t\t<div class=\"elementor-widget-container\">\n\t\t\t\t\t\t\t<div class=\"elementor-custom-embed\">\n\t\t\t<iframe loading=\"lazy\"\n\t\t\t\t\tsrc=\"https:\/\/maps.google.com\/maps?q=Selvalife%2C%20girona&#038;t=m&#038;z=14&#038;output=embed&#038;iwloc=near\"\n\t\t\t\t\ttitle=\"Selvalife, girona\"\n\t\t\t\t\taria-label=\"Selvalife, girona\"\n\t\t\t><\/iframe>\n\t\t<\/div>\n\t\t\t\t\t\t<\/div>\n\t\t\t\t<\/div>\n\t\t\t\t<\/div>\n\t\t<div class=\"elementor-element elementor-element-667983b e-grid e-con-boxed e-con e-parent\" data-id=\"667983b\" data-element_type=\"container\" data-e-type=\"container\">\n\t\t\t\t\t<div class=\"e-con-inner\">\n\t\t\t\t\t<\/div>\n\t\t\t\t<\/div>\n\t\t\t\t<\/div>\n\t\t","protected":false},"excerpt":{"rendered":"<p>Caf\u00e9 de especialidad y cocina tropical en Girona C\u00f3mo llegar 972 71 29 12 DESAYUNOS, BRUNCH tropical, MEN\u00daS, POSTRES Brunch y cocina tropical en Girona: nuestra carta casera Los ingredientes de nuestros platos son de origen ecol\u00f3gico en su mayor\u00eda, incluyendo la prote\u00edna animal. Contamos tambi\u00e9n con opciones vegetarianas. Los platos tienen un alto valor [&hellip;]<\/p>\n","protected":false},"author":1,"featured_media":0,"parent":0,"menu_order":0,"comment_status":"closed","ping_status":"closed","template":"","meta":{"footnotes":""},"class_list":["post-21","page","type-page","status-publish","hentry"],"_links":{"self":[{"href":"https:\/\/www.selvalifecoffee.com\/ca\/wp-json\/wp\/v2\/pages\/21","targetHints":{"allow":["GET"]}}],"collection":[{"href":"https:\/\/www.selvalifecoffee.com\/ca\/wp-json\/wp\/v2\/pages"}],"about":[{"href":"https:\/\/www.selvalifecoffee.com\/ca\/wp-json\/wp\/v2\/types\/page"}],"author":[{"embeddable":true,"href":"https:\/\/www.selvalifecoffee.com\/ca\/wp-json\/wp\/v2\/users\/1"}],"replies":[{"embeddable":true,"href":"https:\/\/www.selvalifecoffee.com\/ca\/wp-json\/wp\/v2\/comments?post=21"}],"version-history":[{"count":154,"href":"https:\/\/www.selvalifecoffee.com\/ca\/wp-json\/wp\/v2\/pages\/21\/revisions"}],"predecessor-version":[{"id":1269,"href":"https:\/\/www.selvalifecoffee.com\/ca\/wp-json\/wp\/v2\/pages\/21\/revisions\/1269"}],"wp:attachment":[{"href":"https:\/\/www.selvalifecoffee.com\/ca\/wp-json\/wp\/v2\/media?parent=21"}],"curies":[{"name":"wp","href":"https:\/\/api.w.org\/{rel}","templated":true}]}}